{"id":52,"date":"2024-11-21T13:27:57","date_gmt":"2024-11-21T12:27:57","guid":{"rendered":"https:\/\/werteunion.s4008.hqgmbh.eu\/?page_id=52"},"modified":"2024-11-21T13:28:43","modified_gmt":"2024-11-21T12:28:43","slug":"nachrichten","status":"publish","type":"page","link":"https:\/\/werteunion.s4008.hqgmbh.eu\/?page_id=52","title":{"rendered":"Nachrichten"},"content":{"rendered":"\t\t<div data-elementor-type=\"wp-page\" data-elementor-id=\"52\" class=\"elementor elementor-52\" data-elementor-post-type=\"page\">\n\t\t\t\t<div class=\"elementor-element elementor-element-12b307c8 e-flex e-con-boxed e-con e-parent\" data-id=\"12b307c8\" data-element_type=\"container\">\n\t\t\t\t\t<div class=\"e-con-inner\">\n\t\t\t\t<div class=\"elementor-element elementor-element-41c76058 elementor-grid-3 elementor-grid-tablet-2 elementor-grid-mobile-1 elementor-posts--thumbnail-top elementor-card-shadow-yes elementor-posts__hover-gradient elementor-widget elementor-widget-posts\" data-id=\"41c76058\" data-element_type=\"widget\" data-settings=\"{&quot;cards_columns&quot;:&quot;3&quot;,&quot;cards_columns_tablet&quot;:&quot;2&quot;,&quot;cards_columns_mobile&quot;:&quot;1&quot;,&quot;cards_row_gap&quot;:{&quot;unit&quot;:&quot;px&quot;,&quot;size&quot;:35,&quot;sizes&quot;:[]},&quot;cards_row_gap_tablet&quot;:{&quot;unit&quot;:&quot;px&quot;,&quot;size&quot;:&quot;&quot;,&quot;sizes&quot;:[]},&quot;cards_row_gap_mobile&quot;:{&quot;unit&quot;:&quot;px&quot;,&quot;size&quot;:&quot;&quot;,&quot;sizes&quot;:[]}}\" data-widget_type=\"posts.cards\">\n\t\t\t\t<div class=\"elementor-widget-container\">\n\t\t\t\t\t<div class=\"elementor-posts-container elementor-posts elementor-posts--skin-cards elementor-grid\">\n\t\t\t\t<article class=\"elementor-post elementor-grid-item post-84 post type-post status-publish format-standard has-post-thumbnail hentry category-allgemein\">\n\t\t\t<div class=\"elementor-post__card\">\n\t\t\t\t<a class=\"elementor-post__thumbnail__link\" href=\"https:\/\/werteunion.s4008.hqgmbh.eu\/?p=84\" tabindex=\"-1\" ><div class=\"elementor-post__thumbnail\"><img fetchpriority=\"high\" decoding=\"async\" width=\"300\" height=\"180\" src=\"https:\/\/werteunion.s4008.hqgmbh.eu\/wp-content\/uploads\/2024\/08\/457143255_26436359972674500_3591867055825002982_n-300x180.jpg\" class=\"attachment-medium size-medium wp-image-85\" alt=\"\" srcset=\"https:\/\/werteunion.s4008.hqgmbh.eu\/wp-content\/uploads\/2024\/08\/457143255_26436359972674500_3591867055825002982_n-300x180.jpg 300w, https:\/\/werteunion.s4008.hqgmbh.eu\/wp-content\/uploads\/2024\/08\/457143255_26436359972674500_3591867055825002982_n-1024x616.jpg 1024w, https:\/\/werteunion.s4008.hqgmbh.eu\/wp-content\/uploads\/2024\/08\/457143255_26436359972674500_3591867055825002982_n-768x462.jpg 768w, https:\/\/werteunion.s4008.hqgmbh.eu\/wp-content\/uploads\/2024\/08\/457143255_26436359972674500_3591867055825002982_n-1536x924.jpg 1536w, https:\/\/werteunion.s4008.hqgmbh.eu\/wp-content\/uploads\/2024\/08\/457143255_26436359972674500_3591867055825002982_n.jpg 1600w\" sizes=\"(max-width: 300px) 100vw, 300px\" \/><\/div><\/a>\n\t\t\t\t<div class=\"elementor-post__text\">\n\t\t\t\t<h3 class=\"elementor-post__title\">\n\t\t\t<a href=\"https:\/\/werteunion.s4008.hqgmbh.eu\/?p=84\" >\n\t\t\t\tImpressionen vom Miteinander Reden Tag in Weimar\t\t\t<\/a>\n\t\t<\/h3>\n\t\t\t\t<div class=\"elementor-post__excerpt\">\n\t\t\t<p>Impressionen vom Miteinander Reden Tag in Weimar auf dem Marktplatz! Danke an unser Team und danke an alle Redner und G\u00e4ste! &nbsp;<\/p>\n\t\t<\/div>\n\t\t\n\t\t<a class=\"elementor-post__read-more\" href=\"https:\/\/werteunion.s4008.hqgmbh.eu\/?p=84\" aria-label=\"Read more about Impressionen vom Miteinander Reden Tag in Weimar\" tabindex=\"-1\" >\n\t\t\tWeiterlesen \u00bb\t\t<\/a>\n\n\t\t\t\t<\/div>\n\t\t\t\t<div class=\"elementor-post__meta-data\">\n\t\t\t\t\t<span class=\"elementor-post-date\">\n\t\t\t21. November 2024\t\t<\/span>\n\t\t\t\t<\/div>\n\t\t\t\t\t<\/div>\n\t\t<\/article>\n\t\t\t\t<article class=\"elementor-post elementor-grid-item post-45 post type-post status-publish format-standard has-post-thumbnail hentry category-allgemein\">\n\t\t\t<div class=\"elementor-post__card\">\n\t\t\t\t<a class=\"elementor-post__thumbnail__link\" href=\"https:\/\/werteunion.s4008.hqgmbh.eu\/?p=45\" tabindex=\"-1\" ><div class=\"elementor-post__thumbnail\"><img decoding=\"async\" width=\"300\" height=\"183\" src=\"https:\/\/werteunion.s4008.hqgmbh.eu\/wp-content\/uploads\/2024\/11\/Gruendung-Thueringen-300x183.jpg\" class=\"attachment-medium size-medium wp-image-48\" alt=\"\" srcset=\"https:\/\/werteunion.s4008.hqgmbh.eu\/wp-content\/uploads\/2024\/11\/Gruendung-Thueringen-300x183.jpg 300w, https:\/\/werteunion.s4008.hqgmbh.eu\/wp-content\/uploads\/2024\/11\/Gruendung-Thueringen-1024x625.jpg 1024w, https:\/\/werteunion.s4008.hqgmbh.eu\/wp-content\/uploads\/2024\/11\/Gruendung-Thueringen-768x468.jpg 768w, https:\/\/werteunion.s4008.hqgmbh.eu\/wp-content\/uploads\/2024\/11\/Gruendung-Thueringen.jpg 1200w\" sizes=\"(max-width: 300px) 100vw, 300px\" \/><\/div><\/a>\n\t\t\t\t<div class=\"elementor-post__text\">\n\t\t\t\t<h3 class=\"elementor-post__title\">\n\t\t\t<a href=\"https:\/\/werteunion.s4008.hqgmbh.eu\/?p=45\" >\n\t\t\t\tLandesverband Th\u00fcringen gegr\u00fcndet\t\t\t<\/a>\n\t\t<\/h3>\n\t\t\t\t<div class=\"elementor-post__excerpt\">\n\t\t\t<p>Sonntag, 7.April 2023. Ein weiterer Meilenstein f\u00fcr die WerteUnion: F\u00fcr Th\u00fcringen wurde der deutschlandweit erste Landesverband der Partei von den bei Bad Bebra versammelten Gr\u00fcndungsmitgliedern einstimmig errichtet. In Anwesenheit des Bundesvorsitzenden Dr. Hans Georg Maa\u00dfen wurde der fr\u00fchere Bundestagsabgeordnete Albert Weiler (CDU-MdB 2013-2021) zum Landesvorsitzenden der WU-Th\u00fcringen gew\u00e4hlt. Tonio Aschoff<\/p>\n\t\t<\/div>\n\t\t\n\t\t<a class=\"elementor-post__read-more\" href=\"https:\/\/werteunion.s4008.hqgmbh.eu\/?p=45\" aria-label=\"Read more about Landesverband Th\u00fcringen gegr\u00fcndet\" tabindex=\"-1\" >\n\t\t\tWeiterlesen \u00bb\t\t<\/a>\n\n\t\t\t\t<\/div>\n\t\t\t\t<div class=\"elementor-post__meta-data\">\n\t\t\t\t\t<span class=\"elementor-post-date\">\n\t\t\t21. November 2024\t\t<\/span>\n\t\t\t\t<\/div>\n\t\t\t\t\t<\/div>\n\t\t<\/article>\n\t\t\t\t<article class=\"elementor-post elementor-grid-item post-41 post type-post status-publish format-standard has-post-thumbnail hentry category-allgemein\">\n\t\t\t<div class=\"elementor-post__card\">\n\t\t\t\t<a class=\"elementor-post__thumbnail__link\" href=\"https:\/\/werteunion.s4008.hqgmbh.eu\/?p=41\" tabindex=\"-1\" ><div class=\"elementor-post__thumbnail\"><img decoding=\"async\" width=\"300\" height=\"183\" src=\"https:\/\/werteunion.s4008.hqgmbh.eu\/wp-content\/uploads\/2024\/11\/Maassen-und-Weiler-beim-Waldkampftag-Politisches-Aufgebot-in-St.-Gangloff-300x183.jpg\" class=\"attachment-medium size-medium wp-image-44\" alt=\"\" srcset=\"https:\/\/werteunion.s4008.hqgmbh.eu\/wp-content\/uploads\/2024\/11\/Maassen-und-Weiler-beim-Waldkampftag-Politisches-Aufgebot-in-St.-Gangloff-300x183.jpg 300w, https:\/\/werteunion.s4008.hqgmbh.eu\/wp-content\/uploads\/2024\/11\/Maassen-und-Weiler-beim-Waldkampftag-Politisches-Aufgebot-in-St.-Gangloff-1024x625.jpg 1024w, https:\/\/werteunion.s4008.hqgmbh.eu\/wp-content\/uploads\/2024\/11\/Maassen-und-Weiler-beim-Waldkampftag-Politisches-Aufgebot-in-St.-Gangloff-768x468.jpg 768w, https:\/\/werteunion.s4008.hqgmbh.eu\/wp-content\/uploads\/2024\/11\/Maassen-und-Weiler-beim-Waldkampftag-Politisches-Aufgebot-in-St.-Gangloff.jpg 1200w\" sizes=\"(max-width: 300px) 100vw, 300px\" \/><\/div><\/a>\n\t\t\t\t<div class=\"elementor-post__text\">\n\t\t\t\t<h3 class=\"elementor-post__title\">\n\t\t\t<a href=\"https:\/\/werteunion.s4008.hqgmbh.eu\/?p=41\" >\n\t\t\t\tMaa\u00dfen und Weiler beim Waldkampftag: Politisches Aufgebot in St. Gangloff\t\t\t<\/a>\n\t\t<\/h3>\n\t\t\t\t<div class=\"elementor-post__excerpt\">\n\t\t\t<p>Hans-Georg Maa\u00dfen und Albert Weiler besuchten am 4.Mai den diesj\u00e4hrigen Waldkampftag im th\u00fcringischen St. Gangloff. Sowohl der Vorsitzende der WerteUnion Hans-Georg Maa\u00dfen und auch sein Stellvertreter und Landesvorsitzende von Th\u00fcringen Albert Weiler wurden von den ca. 200 Besuchern des Waldkampftages herzlich begr\u00fc\u00dft. Beide erhielten f\u00fcr Ihre Reden sehr viel Zuspruch<\/p>\n\t\t<\/div>\n\t\t\n\t\t<a class=\"elementor-post__read-more\" href=\"https:\/\/werteunion.s4008.hqgmbh.eu\/?p=41\" aria-label=\"Read more about Maa\u00dfen und Weiler beim Waldkampftag: Politisches Aufgebot in St. Gangloff\" tabindex=\"-1\" >\n\t\t\tWeiterlesen \u00bb\t\t<\/a>\n\n\t\t\t\t<\/div>\n\t\t\t\t<div class=\"elementor-post__meta-data\">\n\t\t\t\t\t<span class=\"elementor-post-date\">\n\t\t\t21. November 2024\t\t<\/span>\n\t\t\t\t<\/div>\n\t\t\t\t\t<\/div>\n\t\t<\/article>\n\t\t\t\t<article class=\"elementor-post elementor-grid-item post-37 post type-post status-publish format-standard has-post-thumbnail hentry category-allgemein\">\n\t\t\t<div class=\"elementor-post__card\">\n\t\t\t\t<a class=\"elementor-post__thumbnail__link\" href=\"https:\/\/werteunion.s4008.hqgmbh.eu\/?p=37\" tabindex=\"-1\" ><div class=\"elementor-post__thumbnail\"><img loading=\"lazy\" decoding=\"async\" width=\"300\" height=\"183\" src=\"https:\/\/werteunion.s4008.hqgmbh.eu\/wp-content\/uploads\/2024\/11\/Eisenberg-Thueringen-300x183.jpg\" class=\"attachment-medium size-medium wp-image-40\" alt=\"\" srcset=\"https:\/\/werteunion.s4008.hqgmbh.eu\/wp-content\/uploads\/2024\/11\/Eisenberg-Thueringen-300x183.jpg 300w, https:\/\/werteunion.s4008.hqgmbh.eu\/wp-content\/uploads\/2024\/11\/Eisenberg-Thueringen-1024x625.jpg 1024w, https:\/\/werteunion.s4008.hqgmbh.eu\/wp-content\/uploads\/2024\/11\/Eisenberg-Thueringen-768x468.jpg 768w, https:\/\/werteunion.s4008.hqgmbh.eu\/wp-content\/uploads\/2024\/11\/Eisenberg-Thueringen.jpg 1200w\" sizes=\"(max-width: 300px) 100vw, 300px\" \/><\/div><\/a>\n\t\t\t\t<div class=\"elementor-post__text\">\n\t\t\t\t<h3 class=\"elementor-post__title\">\n\t\t\t<a href=\"https:\/\/werteunion.s4008.hqgmbh.eu\/?p=37\" >\n\t\t\t\tDr. Hans Georg Maa\u00dfen und Albert Weiler im B\u00fcrgerdialog\t\t\t<\/a>\n\t\t<\/h3>\n\t\t\t\t<div class=\"elementor-post__excerpt\">\n\t\t\t<p>Am 7. Mai hatten etwa 50 Th\u00fcringer die Gelegenheit, den Bundesvorsitzenden und den Landesvorsitzenden der WerteUnion in Eisenberg pers\u00f6nlich zu erleben. Mit klaren Worten und entschlossenem Auftreten pr\u00e4sentierten sie ihre politischen Standpunkte und Visionen f\u00fcr die Zukunft. In der angeregten Atmosph\u00e4re herrschte eine Stimmung der Zusammengeh\u00f6rigkeit und Entschlossenheit, gemeinsam die<\/p>\n\t\t<\/div>\n\t\t\n\t\t<a class=\"elementor-post__read-more\" href=\"https:\/\/werteunion.s4008.hqgmbh.eu\/?p=37\" aria-label=\"Read more about Dr. Hans Georg Maa\u00dfen und Albert Weiler im B\u00fcrgerdialog\" tabindex=\"-1\" >\n\t\t\tWeiterlesen \u00bb\t\t<\/a>\n\n\t\t\t\t<\/div>\n\t\t\t\t<div class=\"elementor-post__meta-data\">\n\t\t\t\t\t<span class=\"elementor-post-date\">\n\t\t\t21. November 2024\t\t<\/span>\n\t\t\t\t<\/div>\n\t\t\t\t\t<\/div>\n\t\t<\/article>\n\t\t\t\t<article class=\"elementor-post elementor-grid-item post-33 post type-post status-publish format-standard has-post-thumbnail hentry category-allgemein\">\n\t\t\t<div class=\"elementor-post__card\">\n\t\t\t\t<a class=\"elementor-post__thumbnail__link\" href=\"https:\/\/werteunion.s4008.hqgmbh.eu\/?p=33\" tabindex=\"-1\" ><div class=\"elementor-post__thumbnail\"><img loading=\"lazy\" decoding=\"async\" width=\"300\" height=\"183\" src=\"https:\/\/werteunion.s4008.hqgmbh.eu\/wp-content\/uploads\/2024\/11\/Eisenberg-Thueringen2-300x183.jpg\" class=\"attachment-medium size-medium wp-image-36\" alt=\"\" srcset=\"https:\/\/werteunion.s4008.hqgmbh.eu\/wp-content\/uploads\/2024\/11\/Eisenberg-Thueringen2-300x183.jpg 300w, https:\/\/werteunion.s4008.hqgmbh.eu\/wp-content\/uploads\/2024\/11\/Eisenberg-Thueringen2-1024x625.jpg 1024w, https:\/\/werteunion.s4008.hqgmbh.eu\/wp-content\/uploads\/2024\/11\/Eisenberg-Thueringen2-768x468.jpg 768w, https:\/\/werteunion.s4008.hqgmbh.eu\/wp-content\/uploads\/2024\/11\/Eisenberg-Thueringen2.jpg 1200w\" sizes=\"(max-width: 300px) 100vw, 300px\" \/><\/div><\/a>\n\t\t\t\t<div class=\"elementor-post__text\">\n\t\t\t\t<h3 class=\"elementor-post__title\">\n\t\t\t<a href=\"https:\/\/werteunion.s4008.hqgmbh.eu\/?p=33\" >\n\t\t\t\tPolitik-Wissenschaftler Prof. Patzelt war in Th\u00fcringen\t\t\t<\/a>\n\t\t<\/h3>\n\t\t\t\t<div class=\"elementor-post__excerpt\">\n\t\t\t<p>Am 14. Juni 2024 erlebten wir in der Hohen Lilie am Erfurter Domplatz einen \u00e4u\u00dferst lebendigen und erfolgreichen Abend mit 30 Teilnehmern, die nicht nur aus unserer eigenen Partei kamen. Prof. Patzelt, ein renommierter Politikwissenschaftler, pr\u00e4sentierte sich wie gewohnt sehr systematisch. Er hob die wesentlichen Elemente f\u00fcr den Erfolg einer<\/p>\n\t\t<\/div>\n\t\t\n\t\t<a class=\"elementor-post__read-more\" href=\"https:\/\/werteunion.s4008.hqgmbh.eu\/?p=33\" aria-label=\"Read more about Politik-Wissenschaftler Prof. Patzelt war in Th\u00fcringen\" tabindex=\"-1\" >\n\t\t\tWeiterlesen \u00bb\t\t<\/a>\n\n\t\t\t\t<\/div>\n\t\t\t\t<div class=\"elementor-post__meta-data\">\n\t\t\t\t\t<span class=\"elementor-post-date\">\n\t\t\t21. November 2024\t\t<\/span>\n\t\t\t\t<\/div>\n\t\t\t\t\t<\/div>\n\t\t<\/article>\n\t\t\t\t<article class=\"elementor-post elementor-grid-item post-28 post type-post status-publish format-standard has-post-thumbnail hentry category-allgemein\">\n\t\t\t<div class=\"elementor-post__card\">\n\t\t\t\t<a class=\"elementor-post__thumbnail__link\" href=\"https:\/\/werteunion.s4008.hqgmbh.eu\/?p=28\" tabindex=\"-1\" ><div class=\"elementor-post__thumbnail\"><img loading=\"lazy\" decoding=\"async\" width=\"300\" height=\"183\" src=\"https:\/\/werteunion.s4008.hqgmbh.eu\/wp-content\/uploads\/2024\/11\/Maassen-und-Teichmann-300x183.jpg\" class=\"attachment-medium size-medium wp-image-32\" alt=\"\" srcset=\"https:\/\/werteunion.s4008.hqgmbh.eu\/wp-content\/uploads\/2024\/11\/Maassen-und-Teichmann-300x183.jpg 300w, https:\/\/werteunion.s4008.hqgmbh.eu\/wp-content\/uploads\/2024\/11\/Maassen-und-Teichmann-1024x625.jpg 1024w, https:\/\/werteunion.s4008.hqgmbh.eu\/wp-content\/uploads\/2024\/11\/Maassen-und-Teichmann-768x468.jpg 768w, https:\/\/werteunion.s4008.hqgmbh.eu\/wp-content\/uploads\/2024\/11\/Maassen-und-Teichmann.jpg 1200w\" sizes=\"(max-width: 300px) 100vw, 300px\" \/><\/div><\/a>\n\t\t\t\t<div class=\"elementor-post__text\">\n\t\t\t\t<h3 class=\"elementor-post__title\">\n\t\t\t<a href=\"https:\/\/werteunion.s4008.hqgmbh.eu\/?p=28\" >\n\t\t\t\tFazit zum Sommerfest in Saalfeld\t\t\t<\/a>\n\t\t<\/h3>\n\t\t\t\t<div class=\"elementor-post__excerpt\">\n\t\t\t<p>Am 14. August veranstaltete die WerteUnion in Saalfeld ein Sommerfest, um den B\u00fcrgern ihren Direktkandidaten vor Ort Steffen Teichmann besser vorzustellen. Auch der Landesvorsitzende Albert Weiler sowie Dr. Hans-Georg Maa\u00dfen waren mit dabei. In einer Gespr\u00e4chsrunde widmeten sie sich gemeinsam den Fragen, die die Menschen bewegen, haben die Kernpunkte unseres<\/p>\n\t\t<\/div>\n\t\t\n\t\t<a class=\"elementor-post__read-more\" href=\"https:\/\/werteunion.s4008.hqgmbh.eu\/?p=28\" aria-label=\"Read more about Fazit zum Sommerfest in Saalfeld\" tabindex=\"-1\" >\n\t\t\tWeiterlesen \u00bb\t\t<\/a>\n\n\t\t\t\t<\/div>\n\t\t\t\t<div class=\"elementor-post__meta-data\">\n\t\t\t\t\t<span class=\"elementor-post-date\">\n\t\t\t21. November 2024\t\t<\/span>\n\t\t\t\t<\/div>\n\t\t\t\t\t<\/div>\n\t\t<\/article>\n\t\t\t\t<article class=\"elementor-post elementor-grid-item post-24 post type-post status-publish format-standard has-post-thumbnail hentry category-allgemein\">\n\t\t\t<div class=\"elementor-post__card\">\n\t\t\t\t<a class=\"elementor-post__thumbnail__link\" href=\"https:\/\/werteunion.s4008.hqgmbh.eu\/?p=24\" tabindex=\"-1\" ><div class=\"elementor-post__thumbnail\"><img loading=\"lazy\" decoding=\"async\" width=\"300\" height=\"183\" src=\"https:\/\/werteunion.s4008.hqgmbh.eu\/wp-content\/uploads\/2024\/11\/Albert-Weiler-300x183.jpg\" class=\"attachment-medium size-medium wp-image-27\" alt=\"\" srcset=\"https:\/\/werteunion.s4008.hqgmbh.eu\/wp-content\/uploads\/2024\/11\/Albert-Weiler-300x183.jpg 300w, https:\/\/werteunion.s4008.hqgmbh.eu\/wp-content\/uploads\/2024\/11\/Albert-Weiler-1024x625.jpg 1024w, https:\/\/werteunion.s4008.hqgmbh.eu\/wp-content\/uploads\/2024\/11\/Albert-Weiler-768x468.jpg 768w, https:\/\/werteunion.s4008.hqgmbh.eu\/wp-content\/uploads\/2024\/11\/Albert-Weiler.jpg 1200w\" sizes=\"(max-width: 300px) 100vw, 300px\" \/><\/div><\/a>\n\t\t\t\t<div class=\"elementor-post__text\">\n\t\t\t\t<h3 class=\"elementor-post__title\">\n\t\t\t<a href=\"https:\/\/werteunion.s4008.hqgmbh.eu\/?p=24\" >\n\t\t\t\tAlbert Weiler zu den Themen Migration, Energie und Kernkraft\t\t\t<\/a>\n\t\t<\/h3>\n\t\t\t\t<div class=\"elementor-post__excerpt\">\n\t\t\t<p>In mehreren Kurzvideos bezieht Albert Weiler, unser Landesvorsitzender\u00a0 f\u00fcr Th\u00fcringen, Stellung zu den Themen Migration, Energie und Kernkraft und bringt die zentralen Forderungen der WerteUnion auf den Punkt. https:\/\/www.youtube.com\/watch?v=Aa0y4imJzRMhttps:\/\/www.youtube.com\/watch?v=ZmxWvONJ9Nwhttps:\/\/www.youtube.com\/watch?v=0IF1Hz6KW3A<\/p>\n\t\t<\/div>\n\t\t\n\t\t<a class=\"elementor-post__read-more\" href=\"https:\/\/werteunion.s4008.hqgmbh.eu\/?p=24\" aria-label=\"Read more about Albert Weiler zu den Themen Migration, Energie und Kernkraft\" tabindex=\"-1\" >\n\t\t\tWeiterlesen \u00bb\t\t<\/a>\n\n\t\t\t\t<\/div>\n\t\t\t\t<div class=\"elementor-post__meta-data\">\n\t\t\t\t\t<span class=\"elementor-post-date\">\n\t\t\t21. November 2024\t\t<\/span>\n\t\t\t\t<\/div>\n\t\t\t\t\t<\/div>\n\t\t<\/article>\n\t\t\t\t<article class=\"elementor-post elementor-grid-item post-16 post type-post status-publish format-standard has-post-thumbnail hentry category-allgemein\">\n\t\t\t<div class=\"elementor-post__card\">\n\t\t\t\t<a class=\"elementor-post__thumbnail__link\" href=\"https:\/\/werteunion.s4008.hqgmbh.eu\/?p=16\" tabindex=\"-1\" ><div class=\"elementor-post__thumbnail\"><img loading=\"lazy\" decoding=\"async\" width=\"300\" height=\"183\" src=\"https:\/\/werteunion.s4008.hqgmbh.eu\/wp-content\/uploads\/2024\/11\/WerteUnion-Direktkandidaten-300x183.jpg\" class=\"attachment-medium size-medium wp-image-23\" alt=\"\" srcset=\"https:\/\/werteunion.s4008.hqgmbh.eu\/wp-content\/uploads\/2024\/11\/WerteUnion-Direktkandidaten-300x183.jpg 300w, https:\/\/werteunion.s4008.hqgmbh.eu\/wp-content\/uploads\/2024\/11\/WerteUnion-Direktkandidaten-1024x625.jpg 1024w, https:\/\/werteunion.s4008.hqgmbh.eu\/wp-content\/uploads\/2024\/11\/WerteUnion-Direktkandidaten-768x468.jpg 768w, https:\/\/werteunion.s4008.hqgmbh.eu\/wp-content\/uploads\/2024\/11\/WerteUnion-Direktkandidaten.jpg 1200w\" sizes=\"(max-width: 300px) 100vw, 300px\" \/><\/div><\/a>\n\t\t\t\t<div class=\"elementor-post__text\">\n\t\t\t\t<h3 class=\"elementor-post__title\">\n\t\t\t<a href=\"https:\/\/werteunion.s4008.hqgmbh.eu\/?p=16\" >\n\t\t\t\tStatements unserer Direktkandidaten\t\t\t<\/a>\n\t\t<\/h3>\n\t\t\t\t<div class=\"elementor-post__excerpt\">\n\t\t\t<p>Im Folgenden finden Sie Statements von vier unserer Direktkandidaten f\u00fcr Th\u00fcringen:Peter Schmidt, Clarsen Ratz, Steffen Teichmann und Alf Schmidt Hallo, ich bin Peter Schmidt, Ihr entschlossener K\u00e4mpfer f\u00fcr Gera und Ihr Direktkandidat der WerteUnion zur kommenden Landtagswahl. Als erfolgreicher Unternehmer kenne ich die Herausforderungen unserer Region und wei\u00df genau, wie<\/p>\n\t\t<\/div>\n\t\t\n\t\t<a class=\"elementor-post__read-more\" href=\"https:\/\/werteunion.s4008.hqgmbh.eu\/?p=16\" aria-label=\"Read more about Statements unserer Direktkandidaten\" tabindex=\"-1\" >\n\t\t\tWeiterlesen \u00bb\t\t<\/a>\n\n\t\t\t\t<\/div>\n\t\t\t\t<div class=\"elementor-post__meta-data\">\n\t\t\t\t\t<span class=\"elementor-post-date\">\n\t\t\t21. November 2024\t\t<\/span>\n\t\t\t\t<\/div>\n\t\t\t\t\t<\/div>\n\t\t<\/article>\n\t\t\t\t<article class=\"elementor-post elementor-grid-item post-10 post type-post status-publish format-standard has-post-thumbnail hentry category-allgemein\">\n\t\t\t<div class=\"elementor-post__card\">\n\t\t\t\t<a class=\"elementor-post__thumbnail__link\" href=\"https:\/\/werteunion.s4008.hqgmbh.eu\/?p=10\" tabindex=\"-1\" ><div class=\"elementor-post__thumbnail\"><img loading=\"lazy\" decoding=\"async\" width=\"300\" height=\"183\" src=\"https:\/\/werteunion.s4008.hqgmbh.eu\/wp-content\/uploads\/2024\/11\/Triptis-300x183.jpg\" class=\"attachment-medium size-medium wp-image-15\" alt=\"\" srcset=\"https:\/\/werteunion.s4008.hqgmbh.eu\/wp-content\/uploads\/2024\/11\/Triptis-300x183.jpg 300w, https:\/\/werteunion.s4008.hqgmbh.eu\/wp-content\/uploads\/2024\/11\/Triptis-1024x625.jpg 1024w, https:\/\/werteunion.s4008.hqgmbh.eu\/wp-content\/uploads\/2024\/11\/Triptis-768x468.jpg 768w, https:\/\/werteunion.s4008.hqgmbh.eu\/wp-content\/uploads\/2024\/11\/Triptis.jpg 1200w\" sizes=\"(max-width: 300px) 100vw, 300px\" \/><\/div><\/a>\n\t\t\t\t<div class=\"elementor-post__text\">\n\t\t\t\t<h3 class=\"elementor-post__title\">\n\t\t\t<a href=\"https:\/\/werteunion.s4008.hqgmbh.eu\/?p=10\" >\n\t\t\t\tFazit zum Unternehmergespr\u00e4ch bei Triptis\t\t\t<\/a>\n\t\t<\/h3>\n\t\t\t\t<div class=\"elementor-post__excerpt\">\n\t\t\t<p>Am 27. August fand in der Triptiser Firma Fliegl-Fahrzeugbau GmbH ein Unternehmergespr\u00e4ch, organisiert durch die WerteUnion, mit unserem Bundesvorsitzenden Hans-Georg Maa\u00dfen, dem Th\u00fcringer Spitzenkandidaten Albert Weiler, sowie den WU- Direktkandidaten Steffen Teichmann und Peter Schmidt statt. Das Unternehmerehepaar Helmut und Margit Fliegl f\u00fchrten die G\u00e4ste in einem Rundgang durch die<\/p>\n\t\t<\/div>\n\t\t\n\t\t<a class=\"elementor-post__read-more\" href=\"https:\/\/werteunion.s4008.hqgmbh.eu\/?p=10\" aria-label=\"Read more about Fazit zum Unternehmergespr\u00e4ch bei Triptis\" tabindex=\"-1\" >\n\t\t\tWeiterlesen \u00bb\t\t<\/a>\n\n\t\t\t\t<\/div>\n\t\t\t\t<div class=\"elementor-post__meta-data\">\n\t\t\t\t\t<span class=\"elementor-post-date\">\n\t\t\t21. November 2024\t\t<\/span>\n\t\t\t\t<\/div>\n\t\t\t\t\t<\/div>\n\t\t<\/article>\n\t\t\t\t<article class=\"elementor-post elementor-grid-item post-1 post type-post status-publish format-standard hentry category-allgemein\">\n\t\t\t<div class=\"elementor-post__card\">\n\t\t\t\t<div class=\"elementor-post__text\">\n\t\t\t\t<h3 class=\"elementor-post__title\">\n\t\t\t<a href=\"https:\/\/werteunion.s4008.hqgmbh.eu\/?p=1\" >\n\t\t\t\tHallo Welt!\t\t\t<\/a>\n\t\t<\/h3>\n\t\t\t\t<div class=\"elementor-post__excerpt\">\n\t\t\t<p>Willkommen bei WordPress. Dies ist dein erster Beitrag. Bearbeite oder l\u00f6sche ihn und beginne mit dem Schreiben!<\/p>\n\t\t<\/div>\n\t\t\n\t\t<a class=\"elementor-post__read-more\" href=\"https:\/\/werteunion.s4008.hqgmbh.eu\/?p=1\" aria-label=\"Read more about Hallo Welt!\" tabindex=\"-1\" >\n\t\t\tWeiterlesen \u00bb\t\t<\/a>\n\n\t\t\t\t<\/div>\n\t\t\t\t<div class=\"elementor-post__meta-data\">\n\t\t\t\t\t<span class=\"elementor-post-date\">\n\t\t\t21. November 2024\t\t<\/span>\n\t\t\t\t<\/div>\n\t\t\t\t\t<\/div>\n\t\t<\/article>\n\t\t\t\t<\/div>\n\t\t\n\t\t\t\t<\/div>\n\t\t\t\t<\/div>\n\t\t\t\t\t<\/div>\n\t\t\t\t<\/div>\n\t\t\t\t<\/div>\n\t\t","protected":false},"excerpt":{"rendered":"","protected":false},"author":1,"featured_media":0,"parent":0,"menu_order":0,"comment_status":"closed","ping_status":"closed","template":"","meta":{"footnotes":""},"class_list":["post-52","page","type-page","status-publish","hentry"],"_links":{"self":[{"href":"https:\/\/werteunion.s4008.hqgmbh.eu\/index.php?rest_route=\/wp\/v2\/pages\/52","targetHints":{"allow":["GET"]}}],"collection":[{"href":"https:\/\/werteunion.s4008.hqgmbh.eu\/index.php?rest_route=\/wp\/v2\/pages"}],"about":[{"href":"https:\/\/werteunion.s4008.hqgmbh.eu\/index.php?rest_route=\/wp\/v2\/types\/page"}],"author":[{"embeddable":true,"href":"https:\/\/werteunion.s4008.hqgmbh.eu\/index.php?rest_route=\/wp\/v2\/users\/1"}],"replies":[{"embeddable":true,"href":"https:\/\/werteunion.s4008.hqgmbh.eu\/index.php?rest_route=%2Fwp%2Fv2%2Fcomments&post=52"}],"version-history":[{"count":4,"href":"https:\/\/werteunion.s4008.hqgmbh.eu\/index.php?rest_route=\/wp\/v2\/pages\/52\/revisions"}],"predecessor-version":[{"id":126,"href":"https:\/\/werteunion.s4008.hqgmbh.eu\/index.php?rest_route=\/wp\/v2\/pages\/52\/revisions\/126"}],"wp:attachment":[{"href":"https:\/\/werteunion.s4008.hqgmbh.eu\/index.php?rest_route=%2Fwp%2Fv2%2Fmedia&parent=52"}],"curies":[{"name":"wp","href":"https:\/\/api.w.org\/{rel}","templated":true}]}}