{"id":55,"date":"2024-11-21T13:27:57","date_gmt":"2024-11-21T12:27:57","guid":{"rendered":"https:\/\/werteunion.s4008.hqgmbh.eu\/?page_id=55"},"modified":"2024-11-21T13:28:44","modified_gmt":"2024-11-21T12:28:44","slug":"presse","status":"publish","type":"page","link":"https:\/\/werteunion.s4008.hqgmbh.eu\/?page_id=55","title":{"rendered":"Presse"},"content":{"rendered":"\t\t<div data-elementor-type=\"wp-page\" data-elementor-id=\"55\" class=\"elementor elementor-55\" data-elementor-post-type=\"page\">\n\t\t\t\t<div class=\"elementor-element elementor-element-21310e0b e-flex e-con-boxed e-con e-parent\" data-id=\"21310e0b\" data-element_type=\"container\">\n\t\t\t\t\t<div class=\"e-con-inner\">\n\t\t\t\t<div class=\"elementor-element elementor-element-53d9e19b elementor-widget elementor-widget-text-editor\" data-id=\"53d9e19b\" data-element_type=\"widget\" data-widget_type=\"text-editor.default\">\n\t\t\t\t<div class=\"elementor-widget-container\">\n\t\t\t\t\t\t\t<h3>Willkommen auf unserer Seite f\u00fcr Presseanfragen an die WerteUnion Th\u00fcringen<\/h3><p>Wir stehen Ihnen gerne zur Verf\u00fcgung, um Ihnen alle ben\u00f6tigten Informationen bereitzustellen und Ihre Anfragen zu beantworten. Unser Ziel ist es, eine reibungslose und effiziente Kommunikation mit den Medien sicherzustellen. Wir verstehen die Wichtigkeit einer transparenten und zeitnahen Informationsweitergabe und sind bestrebt, Ihren Anfragen so schnell wie m\u00f6glich nachzukommen.<\/p><p>Bitte nutzen Sie\u00a0 unseren E-Mail Kontakt, um Informationen anzufordern oder um mit ihr in Kontakt zu treten. Geben Sie dabei bitte Ihre Kontaktdaten sowie die Details Ihrer Anfrage an. Sie wird sich umgehend mit Ihnen in Verbindung setzen.\u00a0 Vielen Dank f\u00fcr Ihr Interesse an der WerteUnion.<\/p><p>Wir freuen uns darauf, mit Ihnen zusammenzuarbeiten und Sie bei Ihrer Berichterstattung zu unterst\u00fctzen.<\/p>\t\t\t\t\t\t<\/div>\n\t\t\t\t<\/div>\n\t\t\t\t\t<\/div>\n\t\t\t\t<\/div>\n\t\t<div class=\"elementor-element elementor-element-18114a82 e-flex e-con-boxed e-con e-parent\" data-id=\"18114a82\" data-element_type=\"container\">\n\t\t\t\t\t<div class=\"e-con-inner\">\n\t\t\t\t<div class=\"elementor-element elementor-element-68e9a4b8 elementor-widget elementor-widget-button\" data-id=\"68e9a4b8\" data-element_type=\"widget\" data-widget_type=\"button.default\">\n\t\t\t\t<div class=\"elementor-widget-container\">\n\t\t\t\t\t\t\t<div class=\"elementor-button-wrapper\">\n\t\t\t\t\t<a class=\"elementor-button elementor-button-link elementor-size-sm\" href=\"mailto:%20thueringen@werteunion.de\">\n\t\t\t\t\t\t<span class=\"elementor-button-content-wrapper\">\n\t\t\t\t\t\t\t\t\t<span class=\"elementor-button-text\">Pressekontakt<\/span>\n\t\t\t\t\t<\/span>\n\t\t\t\t\t<\/a>\n\t\t\t\t<\/div>\n\t\t\t\t\t\t<\/div>\n\t\t\t\t<\/div>\n\t\t\t\t\t<\/div>\n\t\t\t\t<\/div>\n\t\t\t\t<\/div>\n\t\t","protected":false},"excerpt":{"rendered":"<p>Willkommen auf unserer Seite f\u00fcr Presseanfragen an die WerteUnion Th\u00fcringen Wir stehen Ihnen gerne zur Verf\u00fcgung, um Ihnen alle ben\u00f6tigten Informationen bereitzustellen und Ihre Anfragen zu beantworten. Unser Ziel ist es, eine reibungslose und effiziente Kommunikation mit den Medien sicherzustellen. Wir verstehen die Wichtigkeit einer transparenten und zeitnahen Informationsweitergabe und sind bestrebt, Ihren Anfragen so [&hellip;]<\/p>\n","protected":false},"author":1,"featured_media":0,"parent":0,"menu_order":0,"comment_status":"closed","ping_status":"closed","template":"","meta":{"footnotes":""},"class_list":["post-55","page","type-page","status-publish","hentry"],"_links":{"self":[{"href":"https:\/\/werteunion.s4008.hqgmbh.eu\/index.php?rest_route=\/wp\/v2\/pages\/55","targetHints":{"allow":["GET"]}}],"collection":[{"href":"https:\/\/werteunion.s4008.hqgmbh.eu\/index.php?rest_route=\/wp\/v2\/pages"}],"about":[{"href":"https:\/\/werteunion.s4008.hqgmbh.eu\/index.php?rest_route=\/wp\/v2\/types\/page"}],"author":[{"embeddable":true,"href":"https:\/\/werteunion.s4008.hqgmbh.eu\/index.php?rest_route=\/wp\/v2\/users\/1"}],"replies":[{"embeddable":true,"href":"https:\/\/werteunion.s4008.hqgmbh.eu\/index.php?rest_route=%2Fwp%2Fv2%2Fcomments&post=55"}],"version-history":[{"count":4,"href":"https:\/\/werteunion.s4008.hqgmbh.eu\/index.php?rest_route=\/wp\/v2\/pages\/55\/revisions"}],"predecessor-version":[{"id":128,"href":"https:\/\/werteunion.s4008.hqgmbh.eu\/index.php?rest_route=\/wp\/v2\/pages\/55\/revisions\/128"}],"wp:attachment":[{"href":"https:\/\/werteunion.s4008.hqgmbh.eu\/index.php?rest_route=%2Fwp%2Fv2%2Fmedia&parent=55"}],"curies":[{"name":"wp","href":"https:\/\/api.w.org\/{rel}","templated":true}]}}