{"id":58,"date":"2024-11-21T13:27:57","date_gmt":"2024-11-21T12:27:57","guid":{"rendered":"https:\/\/werteunion.s4008.hqgmbh.eu\/?page_id=58"},"modified":"2024-11-21T13:28:45","modified_gmt":"2024-11-21T12:28:45","slug":"landesvorstand","status":"publish","type":"page","link":"https:\/\/werteunion.s4008.hqgmbh.eu\/?page_id=58","title":{"rendered":"Landesvorstand"},"content":{"rendered":"\t\t<div data-elementor-type=\"wp-page\" data-elementor-id=\"58\" class=\"elementor elementor-58\" data-elementor-post-type=\"page\">\n\t\t\t\t<div class=\"elementor-element elementor-element-18bb1efa e-flex e-con-boxed e-con e-parent\" data-id=\"18bb1efa\" data-element_type=\"container\">\n\t\t\t\t\t<div class=\"e-con-inner\">\n\t\t<div class=\"elementor-element elementor-element-5903d6cc e-con-full e-flex e-con e-child\" data-id=\"5903d6cc\" data-element_type=\"container\">\n\t\t\t\t<div class=\"elementor-element elementor-element-3e199c42 elementor-widget elementor-widget-heading\" data-id=\"3e199c42\" data-element_type=\"widget\" data-widget_type=\"heading.default\">\n\t\t\t\t<div class=\"elementor-widget-container\">\n\t\t\t<h2 class=\"elementor-heading-title elementor-size-default\">Prof. Dr. Dr. Hans Pistner<\/h2>\t\t<\/div>\n\t\t\t\t<\/div>\n\t\t\t\t<div class=\"elementor-element elementor-element-47d0473b elementor-widget elementor-widget-heading\" data-id=\"47d0473b\" data-element_type=\"widget\" data-widget_type=\"heading.default\">\n\t\t\t\t<div class=\"elementor-widget-container\">\n\t\t\t<h4 class=\"elementor-heading-title elementor-size-default\">Landesvorsitzender<\/h4>\t\t<\/div>\n\t\t\t\t<\/div>\n\t\t\t\t<\/div>\n\t\t<div class=\"elementor-element elementor-element-419454e8 e-con-full e-flex e-con e-child\" data-id=\"419454e8\" data-element_type=\"container\">\n\t\t\t\t<div class=\"elementor-element elementor-element-18ddbb9a elementor-widget elementor-widget-heading\" data-id=\"18ddbb9a\" data-element_type=\"widget\" data-widget_type=\"heading.default\">\n\t\t\t\t<div class=\"elementor-widget-container\">\n\t\t\t<h2 class=\"elementor-heading-title elementor-size-default\">Prof. Dr. Marco Beier<\/h2>\t\t<\/div>\n\t\t\t\t<\/div>\n\t\t\t\t<div class=\"elementor-element elementor-element-72116c14 elementor-widget elementor-widget-heading\" data-id=\"72116c14\" data-element_type=\"widget\" data-widget_type=\"heading.default\">\n\t\t\t\t<div class=\"elementor-widget-container\">\n\t\t\t<h4 class=\"elementor-heading-title elementor-size-default\">stellv. Landesvorsitzender<\/h4>\t\t<\/div>\n\t\t\t\t<\/div>\n\t\t\t\t<\/div>\n\t\t<div class=\"elementor-element elementor-element-d3e2f83 e-con-full e-flex e-con e-child\" data-id=\"d3e2f83\" data-element_type=\"container\">\n\t\t\t\t<div class=\"elementor-element elementor-element-699f91d7 elementor-widget elementor-widget-heading\" data-id=\"699f91d7\" data-element_type=\"widget\" data-widget_type=\"heading.default\">\n\t\t\t\t<div class=\"elementor-widget-container\">\n\t\t\t<h2 class=\"elementor-heading-title elementor-size-default\">Hans J\u00f6rg Schmidt<\/h2>\t\t<\/div>\n\t\t\t\t<\/div>\n\t\t\t\t<div class=\"elementor-element elementor-element-33a335bf elementor-widget elementor-widget-heading\" data-id=\"33a335bf\" data-element_type=\"widget\" data-widget_type=\"heading.default\">\n\t\t\t\t<div class=\"elementor-widget-container\">\n\t\t\t<h4 class=\"elementor-heading-title elementor-size-default\">stellv. Landesvorsitzender<\/h4>\t\t<\/div>\n\t\t\t\t<\/div>\n\t\t\t\t<\/div>\n\t\t\t\t\t<\/div>\n\t\t\t\t<\/div>\n\t\t<div class=\"elementor-element elementor-element-6d720b8f e-flex e-con-boxed e-con e-parent\" data-id=\"6d720b8f\" data-element_type=\"container\">\n\t\t\t\t\t<div class=\"e-con-inner\">\n\t\t<div class=\"elementor-element elementor-element-152153f5 e-con-full e-flex e-con e-child\" data-id=\"152153f5\" data-element_type=\"container\">\n\t\t\t\t<div class=\"elementor-element elementor-element-a9c330 elementor-widget elementor-widget-heading\" data-id=\"a9c330\" data-element_type=\"widget\" data-widget_type=\"heading.default\">\n\t\t\t\t<div class=\"elementor-widget-container\">\n\t\t\t<h2 class=\"elementor-heading-title elementor-size-default\">Stefan Sandmann<\/h2>\t\t<\/div>\n\t\t\t\t<\/div>\n\t\t\t\t<div class=\"elementor-element elementor-element-a50d18f elementor-widget elementor-widget-heading\" data-id=\"a50d18f\" data-element_type=\"widget\" data-widget_type=\"heading.default\">\n\t\t\t\t<div class=\"elementor-widget-container\">\n\t\t\t<h4 class=\"elementor-heading-title elementor-size-default\">Schatzmeister<\/h4>\t\t<\/div>\n\t\t\t\t<\/div>\n\t\t\t\t<\/div>\n\t\t<div class=\"elementor-element elementor-element-7289f889 e-con-full e-flex e-con e-child\" data-id=\"7289f889\" data-element_type=\"container\">\n\t\t\t\t<div class=\"elementor-element elementor-element-6dde87a9 elementor-widget elementor-widget-heading\" data-id=\"6dde87a9\" data-element_type=\"widget\" data-widget_type=\"heading.default\">\n\t\t\t\t<div class=\"elementor-widget-container\">\n\t\t\t<h2 class=\"elementor-heading-title elementor-size-default\">Clarsen Ratz<\/h2>\t\t<\/div>\n\t\t\t\t<\/div>\n\t\t\t\t<div class=\"elementor-element elementor-element-68371c9c elementor-widget elementor-widget-heading\" data-id=\"68371c9c\" data-element_type=\"widget\" data-widget_type=\"heading.default\">\n\t\t\t\t<div class=\"elementor-widget-container\">\n\t\t\t<h4 class=\"elementor-heading-title elementor-size-default\">Generalsekret\u00e4r<\/h4>\t\t<\/div>\n\t\t\t\t<\/div>\n\t\t\t\t<\/div>\n\t\t<div class=\"elementor-element elementor-element-72df55f8 e-con-full e-flex e-con e-child\" data-id=\"72df55f8\" data-element_type=\"container\">\n\t\t\t\t<div class=\"elementor-element elementor-element-1e2496ce elementor-widget elementor-widget-heading\" data-id=\"1e2496ce\" data-element_type=\"widget\" data-widget_type=\"heading.default\">\n\t\t\t\t<div class=\"elementor-widget-container\">\n\t\t\t<h2 class=\"elementor-heading-title elementor-size-default\">Antje Duckwitz<\/h2>\t\t<\/div>\n\t\t\t\t<\/div>\n\t\t\t\t<div class=\"elementor-element elementor-element-70eb387c elementor-widget elementor-widget-heading\" data-id=\"70eb387c\" data-element_type=\"widget\" data-widget_type=\"heading.default\">\n\t\t\t\t<div class=\"elementor-widget-container\">\n\t\t\t<h4 class=\"elementor-heading-title elementor-size-default\">Schriftf\u00fchrerin<\/h4>\t\t<\/div>\n\t\t\t\t<\/div>\n\t\t\t\t<\/div>\n\t\t\t\t\t<\/div>\n\t\t\t\t<\/div>\n\t\t<div class=\"elementor-element elementor-element-7a1d3af8 e-flex e-con-boxed e-con e-parent\" data-id=\"7a1d3af8\" data-element_type=\"container\">\n\t\t\t\t\t<div class=\"e-con-inner\">\n\t\t<div class=\"elementor-element elementor-element-7efd27fa e-con-full e-flex e-con e-child\" data-id=\"7efd27fa\" data-element_type=\"container\">\n\t\t\t\t<div class=\"elementor-element elementor-element-59caf2c7 elementor-widget elementor-widget-heading\" data-id=\"59caf2c7\" data-element_type=\"widget\" data-widget_type=\"heading.default\">\n\t\t\t\t<div class=\"elementor-widget-container\">\n\t\t\t<h2 class=\"elementor-heading-title elementor-size-default\">Andreas Elm<\/h2>\t\t<\/div>\n\t\t\t\t<\/div>\n\t\t\t\t<div class=\"elementor-element elementor-element-3fd90ecd elementor-widget elementor-widget-heading\" data-id=\"3fd90ecd\" data-element_type=\"widget\" data-widget_type=\"heading.default\">\n\t\t\t\t<div class=\"elementor-widget-container\">\n\t\t\t<h4 class=\"elementor-heading-title elementor-size-default\">Beisitzer<\/h4>\t\t<\/div>\n\t\t\t\t<\/div>\n\t\t\t\t<\/div>\n\t\t<div class=\"elementor-element elementor-element-6807f156 e-con-full e-flex e-con e-child\" data-id=\"6807f156\" data-element_type=\"container\">\n\t\t\t\t<div class=\"elementor-element elementor-element-c1ae589 elementor-widget elementor-widget-heading\" data-id=\"c1ae589\" data-element_type=\"widget\" data-widget_type=\"heading.default\">\n\t\t\t\t<div class=\"elementor-widget-container\">\n\t\t\t<h2 class=\"elementor-heading-title elementor-size-default\">Ines Schmidt<\/h2>\t\t<\/div>\n\t\t\t\t<\/div>\n\t\t\t\t<div class=\"elementor-element elementor-element-454b9c3d elementor-widget elementor-widget-heading\" data-id=\"454b9c3d\" data-element_type=\"widget\" data-widget_type=\"heading.default\">\n\t\t\t\t<div class=\"elementor-widget-container\">\n\t\t\t<h4 class=\"elementor-heading-title elementor-size-default\"><span style=\"font-size: 1.5rem\">Beisitzer<\/span><\/h4>\t\t<\/div>\n\t\t\t\t<\/div>\n\t\t\t\t<\/div>\n\t\t<div class=\"elementor-element elementor-element-1928cc74 e-con-full e-flex e-con e-child\" data-id=\"1928cc74\" data-element_type=\"container\">\n\t\t\t\t<div class=\"elementor-element elementor-element-3a96a00e elementor-widget elementor-widget-heading\" data-id=\"3a96a00e\" data-element_type=\"widget\" data-widget_type=\"heading.default\">\n\t\t\t\t<div class=\"elementor-widget-container\">\n\t\t\t<h2 class=\"elementor-heading-title elementor-size-default\">Dr. Gunther Kranert<\/h2>\t\t<\/div>\n\t\t\t\t<\/div>\n\t\t\t\t<div class=\"elementor-element elementor-element-6e469822 elementor-widget elementor-widget-heading\" data-id=\"6e469822\" data-element_type=\"widget\" data-widget_type=\"heading.default\">\n\t\t\t\t<div class=\"elementor-widget-container\">\n\t\t\t<h4 class=\"elementor-heading-title elementor-size-default\"><h4 data-elementor-setting-key=\"title\" data-pen-placeholder=\"Eingabe hier...\">Beisitzer<span style=\"color: inherit;font-family: inherit;font-size: 1.5rem\"><\/span><\/h4><\/h4>\t\t<\/div>\n\t\t\t\t<\/div>\n\t\t\t\t<\/div>\n\t\t\t\t\t<\/div>\n\t\t\t\t<\/div>\n\t\t<div class=\"elementor-element elementor-element-347c605e e-flex e-con-boxed e-con e-parent\" data-id=\"347c605e\" data-element_type=\"container\">\n\t\t\t\t\t<div class=\"e-con-inner\">\n\t\t<div class=\"elementor-element elementor-element-11b705aa e-con-full e-flex e-con e-child\" data-id=\"11b705aa\" data-element_type=\"container\">\n\t\t\t\t<div class=\"elementor-element elementor-element-a069e00 elementor-widget elementor-widget-heading\" data-id=\"a069e00\" data-element_type=\"widget\" data-widget_type=\"heading.default\">\n\t\t\t\t<div class=\"elementor-widget-container\">\n\t\t\t<h2 class=\"elementor-heading-title elementor-size-default\">Mathias Goldhan<\/h2>\t\t<\/div>\n\t\t\t\t<\/div>\n\t\t\t\t<div class=\"elementor-element elementor-element-71940300 elementor-widget elementor-widget-heading\" data-id=\"71940300\" data-element_type=\"widget\" data-widget_type=\"heading.default\">\n\t\t\t\t<div class=\"elementor-widget-container\">\n\t\t\t<h4 class=\"elementor-heading-title elementor-size-default\">Beisitzer<\/h4>\t\t<\/div>\n\t\t\t\t<\/div>\n\t\t\t\t<\/div>\n\t\t<div class=\"elementor-element elementor-element-19eb49 e-con-full e-flex e-con e-child\" data-id=\"19eb49\" data-element_type=\"container\">\n\t\t\t\t<div class=\"elementor-element elementor-element-7e84759 elementor-widget elementor-widget-heading\" data-id=\"7e84759\" data-element_type=\"widget\" data-widget_type=\"heading.default\">\n\t\t\t\t<div class=\"elementor-widget-container\">\n\t\t\t<h2 class=\"elementor-heading-title elementor-size-default\">Matthias Creutzberg<\/h2>\t\t<\/div>\n\t\t\t\t<\/div>\n\t\t\t\t<div class=\"elementor-element elementor-element-2047d3a6 elementor-widget elementor-widget-heading\" data-id=\"2047d3a6\" data-element_type=\"widget\" data-widget_type=\"heading.default\">\n\t\t\t\t<div class=\"elementor-widget-container\">\n\t\t\t<h4 class=\"elementor-heading-title elementor-size-default\"><span style=\"font-size: 1.5rem\">Beisitzer<\/span><\/h4>\t\t<\/div>\n\t\t\t\t<\/div>\n\t\t\t\t<\/div>\n\t\t<div class=\"elementor-element elementor-element-279ed75e e-con-full e-flex e-con e-child\" data-id=\"279ed75e\" data-element_type=\"container\">\n\t\t\t\t<\/div>\n\t\t\t\t\t<\/div>\n\t\t\t\t<\/div>\n\t\t\t\t<\/div>\n\t\t","protected":false},"excerpt":{"rendered":"<p>Prof. Dr. Dr. Hans Pistner Landesvorsitzender Prof. Dr. Marco Beier stellv. Landesvorsitzender Hans J\u00f6rg Schmidt stellv. Landesvorsitzender Stefan Sandmann Schatzmeister Clarsen Ratz Generalsekret\u00e4r Antje Duckwitz Schriftf\u00fchrerin Andreas Elm Beisitzer Ines Schmidt Beisitzer Dr. Gunther Kranert Beisitzer Mathias Goldhan Beisitzer Matthias Creutzberg Beisitzer<\/p>\n","protected":false},"author":1,"featured_media":0,"parent":0,"menu_order":0,"comment_status":"closed","ping_status":"closed","template":"","meta":{"footnotes":""},"class_list":["post-58","page","type-page","status-publish","hentry"],"_links":{"self":[{"href":"https:\/\/werteunion.s4008.hqgmbh.eu\/index.php?rest_route=\/wp\/v2\/pages\/58","targetHints":{"allow":["GET"]}}],"collection":[{"href":"https:\/\/werteunion.s4008.hqgmbh.eu\/index.php?rest_route=\/wp\/v2\/pages"}],"about":[{"href":"https:\/\/werteunion.s4008.hqgmbh.eu\/index.php?rest_route=\/wp\/v2\/types\/page"}],"author":[{"embeddable":true,"href":"https:\/\/werteunion.s4008.hqgmbh.eu\/index.php?rest_route=\/wp\/v2\/users\/1"}],"replies":[{"embeddable":true,"href":"https:\/\/werteunion.s4008.hqgmbh.eu\/index.php?rest_route=%2Fwp%2Fv2%2Fcomments&post=58"}],"version-history":[{"count":4,"href":"https:\/\/werteunion.s4008.hqgmbh.eu\/index.php?rest_route=\/wp\/v2\/pages\/58\/revisions"}],"predecessor-version":[{"id":130,"href":"https:\/\/werteunion.s4008.hqgmbh.eu\/index.php?rest_route=\/wp\/v2\/pages\/58\/revisions\/130"}],"wp:attachment":[{"href":"https:\/\/werteunion.s4008.hqgmbh.eu\/index.php?rest_route=%2Fwp%2Fv2%2Fmedia&parent=58"}],"curies":[{"name":"wp","href":"https:\/\/api.w.org\/{rel}","templated":true}]}}