{"id":61,"date":"2024-11-21T13:27:58","date_gmt":"2024-11-21T12:27:58","guid":{"rendered":"https:\/\/werteunion.s4008.hqgmbh.eu\/?page_id=61"},"modified":"2024-11-21T13:28:46","modified_gmt":"2024-11-21T12:28:46","slug":"spenden","status":"publish","type":"page","link":"https:\/\/werteunion.s4008.hqgmbh.eu\/?page_id=61","title":{"rendered":"Spenden"},"content":{"rendered":"\t\t<div data-elementor-type=\"wp-page\" data-elementor-id=\"61\" class=\"elementor elementor-61\" data-elementor-post-type=\"page\">\n\t\t\t\t<div class=\"elementor-element elementor-element-da5ea20 e-flex e-con-boxed e-con e-parent\" data-id=\"da5ea20\" data-element_type=\"container\">\n\t\t\t\t\t<div class=\"e-con-inner\">\n\t\t\t\t<div class=\"elementor-element elementor-element-488056e4 elementor-widget elementor-widget-heading\" data-id=\"488056e4\" data-element_type=\"widget\" data-widget_type=\"heading.default\">\n\t\t\t\t<div class=\"elementor-widget-container\">\n\t\t\t<h2 class=\"elementor-heading-title elementor-size-default\">\n<\/h2>\t\t<\/div>\n\t\t\t\t<\/div>\n\t\t\t\t<div class=\"elementor-element elementor-element-1492bbca elementor-widget__width-initial elementor-widget elementor-widget-image\" data-id=\"1492bbca\" data-element_type=\"widget\" data-widget_type=\"image.default\">\n\t\t\t\t<div class=\"elementor-widget-container\">\n\t\t\t\t\t\t\t\t\t\t\t\t\t<img fetchpriority=\"high\" decoding=\"async\" width=\"800\" height=\"440\" src=\"https:\/\/werteunion.s4008.hqgmbh.eu\/wp-content\/uploads\/2024\/11\/spende.webp\" class=\"attachment-full size-full wp-image-62\" alt=\"\" srcset=\"https:\/\/werteunion.s4008.hqgmbh.eu\/wp-content\/uploads\/2024\/11\/spende.webp 800w, https:\/\/werteunion.s4008.hqgmbh.eu\/wp-content\/uploads\/2024\/11\/spende-300x165.webp 300w, https:\/\/werteunion.s4008.hqgmbh.eu\/wp-content\/uploads\/2024\/11\/spende-768x422.webp 768w\" sizes=\"(max-width: 800px) 100vw, 800px\" \/>\t\t\t\t\t\t\t\t\t\t\t\t\t<\/div>\n\t\t\t\t<\/div>\n\t\t\t\t<div class=\"elementor-element elementor-element-5a888476 elementor-widget__width-initial elementor-widget elementor-widget-text-editor\" data-id=\"5a888476\" data-element_type=\"widget\" data-widget_type=\"text-editor.default\">\n\t\t\t\t<div class=\"elementor-widget-container\">\n\t\t\t\t\t\t\t<div class=\"elementor-element elementor-element-4c517ee elementor-widget elementor-widget-text-editor\" data-id=\"4c517ee\" data-element_type=\"widget\" data-widget_type=\"text-editor.default\"><div class=\"elementor-widget-container\"><p>Wir m\u00f6chten Ihnen herzlich f\u00fcr Ihr Interesse an der WerteUnion danken und Ihre Bereitschaft, uns mit einer Spende zu unterst\u00fctzen, w\u00fcrdigen. Ihre Gro\u00dfz\u00fcgigkeit spielt eine entscheidende Rolle dabei, unsere Vision einer gerechteren und prosperierenden Gesellschaft voranzutreiben.\u00a0<\/p><p>Durch Ihre Spende helfen Sie uns, wichtige Initiativen zu f\u00f6rdern, unsere Botschaft zu verbreiten und die demokratischen Prozesse zu st\u00e4rken. Jeder Beitrag, unabh\u00e4ngig von seiner Gr\u00f6\u00dfe, tr\u00e4gt dazu bei, positive Ver\u00e4nderungen zu bewirken und die Zukunft unseres Landes mitzugestalten.<\/p><p>\u00a0<\/p><h3><strong>Konto: Sparkasse Jena-Holzland<\/strong><\/h3><h3><strong>IBAN: DE63 8305 3030 0018 0678 59<\/strong><\/h3><h3><strong>BIC: HELADEF1JEN<\/strong><\/h3><\/div><\/div><h2>\u00a0<\/h2>\t\t\t\t\t\t<\/div>\n\t\t\t\t<\/div>\n\t\t\t\t\t<\/div>\n\t\t\t\t<\/div>\n\t\t<div class=\"elementor-element elementor-element-43a4f49e e-flex e-con-boxed e-con e-parent\" data-id=\"43a4f49e\" data-element_type=\"container\">\n\t\t\t\t\t<div class=\"e-con-inner\">\n\t\t\t\t<div class=\"elementor-element elementor-element-707592d3 elementor-widget elementor-widget-image\" data-id=\"707592d3\" data-element_type=\"widget\" data-widget_type=\"image.default\">\n\t\t\t\t<div class=\"elementor-widget-container\">\n\t\t\t\t\t\t\t\t\t\t\t\t\t<img decoding=\"async\" src=\"https:\/\/werteunion.s4008.hqgmbh.eu\/wp-content\/uploads\/2024\/11\/spende-1.webp\" class=\"attachment-full size-full wp-image-63\" alt=\"\" \/>\t\t\t\t\t\t\t\t\t\t\t\t\t<\/div>\n\t\t\t\t<\/div>\n\t\t\t\t\t<\/div>\n\t\t\t\t<\/div>\n\t\t<div class=\"elementor-element elementor-element-5f53dfa1 e-flex e-con-boxed e-con e-parent\" data-id=\"5f53dfa1\" data-element_type=\"container\">\n\t\t\t\t\t<div class=\"e-con-inner\">\n\t\t\t\t<div class=\"elementor-element elementor-element-8223ff0 elementor-widget__width-initial elementor-widget elementor-widget-text-editor\" data-id=\"8223ff0\" data-element_type=\"widget\" data-widget_type=\"text-editor.default\">\n\t\t\t\t<div class=\"elementor-widget-container\">\n\t\t\t\t\t\t\t<div class=\"elementor-element elementor-element-4c517ee elementor-widget elementor-widget-text-editor\" data-id=\"4c517ee\" data-element_type=\"widget\" data-widget_type=\"text-editor.default\"><div class=\"elementor-widget-container\"><p><span style=\"color: inherit; font-family: inherit; font-size: 2rem; text-align: var(--text-align);\">Steuerlich absetzbar<\/span><\/p><\/div><\/div><p>Spenden an politische Parteien sind steuerlich absetzbar. Bis zu einer H\u00f6he von 1.650,- Euro (3.300,- Euro bei Ehepaaren) pro Jahr k\u00f6nnen Mitgliedsbeitr\u00e4ge und Spenden an politische Parteien als Steuererm\u00e4\u00dfigung nach \u00a7 34g EStG geltend gemacht werden. Diese Steuererm\u00e4\u00dfigungen wirken sich zu f\u00fcnfzig Prozent direkt steuermindernd aus. Das bedeutet, f\u00fcr jeden Euro Spende erh\u00e4lt man f\u00fcnfzig Cent Steuerminderung. Hat man in einem Jahr mehr als 1.650,- Euro (3.300,- Euro bei Ehepaaren) an Mitgliedsbeitr\u00e4gen und Spenden an politische Parteien bezahlt, kann man dar\u00fcber hinaus gehende Spenden bis zu weiteren 1.650,- Euro (3.300,- Euro bei Ehepaaren) als Sonderausgaben nach \u00a7 10b EStG geltend machen. Sonderausgaben werden vom zu versteuernden Einkommen abgezogen. Die H\u00f6he der Steuerersparnis h\u00e4ngt von der H\u00f6he des jeweiligen Einkommens ab.<br \/>Eine Spendenquittung stellen wir im 1. Quartal des Folgejahres aus.<\/p>\t\t\t\t\t\t<\/div>\n\t\t\t\t<\/div>\n\t\t\t\t\t<\/div>\n\t\t\t\t<\/div>\n\t\t\t\t<\/div>\n\t\t","protected":false},"excerpt":{"rendered":"<p>Wir m\u00f6chten Ihnen herzlich f\u00fcr Ihr Interesse an der WerteUnion danken und Ihre Bereitschaft, uns mit einer Spende zu unterst\u00fctzen, w\u00fcrdigen. Ihre Gro\u00dfz\u00fcgigkeit spielt eine entscheidende Rolle dabei, unsere Vision einer gerechteren und prosperierenden Gesellschaft voranzutreiben.\u00a0 Durch Ihre Spende helfen Sie uns, wichtige Initiativen zu f\u00f6rdern, unsere Botschaft zu verbreiten und die demokratischen Prozesse zu [&hellip;]<\/p>\n","protected":false},"author":1,"featured_media":0,"parent":0,"menu_order":0,"comment_status":"closed","ping_status":"closed","template":"","meta":{"footnotes":""},"class_list":["post-61","page","type-page","status-publish","hentry"],"_links":{"self":[{"href":"https:\/\/werteunion.s4008.hqgmbh.eu\/index.php?rest_route=\/wp\/v2\/pages\/61","targetHints":{"allow":["GET"]}}],"collection":[{"href":"https:\/\/werteunion.s4008.hqgmbh.eu\/index.php?rest_route=\/wp\/v2\/pages"}],"about":[{"href":"https:\/\/werteunion.s4008.hqgmbh.eu\/index.php?rest_route=\/wp\/v2\/types\/page"}],"author":[{"embeddable":true,"href":"https:\/\/werteunion.s4008.hqgmbh.eu\/index.php?rest_route=\/wp\/v2\/users\/1"}],"replies":[{"embeddable":true,"href":"https:\/\/werteunion.s4008.hqgmbh.eu\/index.php?rest_route=%2Fwp%2Fv2%2Fcomments&post=61"}],"version-history":[{"count":4,"href":"https:\/\/werteunion.s4008.hqgmbh.eu\/index.php?rest_route=\/wp\/v2\/pages\/61\/revisions"}],"predecessor-version":[{"id":132,"href":"https:\/\/werteunion.s4008.hqgmbh.eu\/index.php?rest_route=\/wp\/v2\/pages\/61\/revisions\/132"}],"wp:attachment":[{"href":"https:\/\/werteunion.s4008.hqgmbh.eu\/index.php?rest_route=%2Fwp%2Fv2%2Fmedia&parent=61"}],"curies":[{"name":"wp","href":"https:\/\/api.w.org\/{rel}","templated":true}]}}